{"id":1769,"date":"2023-06-28T09:38:57","date_gmt":"2023-06-28T09:38:57","guid":{"rendered":"https:\/\/teledeskgroup.be\/?page_id=1769"},"modified":"2023-06-28T10:36:22","modified_gmt":"2023-06-28T10:36:22","slug":"magazine","status":"publish","type":"page","link":"https:\/\/teledeskgroup.be\/fr\/magazine\/","title":{"rendered":"Magazine"},"content":{"rendered":"\n<p class=\"subtitel\">Teledesk Magazine<\/p>\n\n\n\n<h1 class=\"wp-block-heading\">Telescope<\/h1>\n\n\n\n<p>Deux fois par an, nous publions notre magazine d&rsquo;entreprise Telescope. Vous y trouverez des interviews captivantes avec des pr\u00e9curseurs de l&rsquo;industrie de l&rsquo;assurance, des mises \u00e0 jour sur les nouvelles tendances, des donn\u00e9es int\u00e9ressantes ainsi que toutes les actualit\u00e9s de Teledesk Group.<\/p>\n","protected":false},"excerpt":{"rendered":"<p>Teledesk Magazine Telescope Deux fois par an, nous publions notre magazine d&rsquo;entreprise Telescope. Vous y trouverez des interviews captivantes avec des pr\u00e9curseurs de l&rsquo;industrie de l&rsquo;assurance, des mises \u00e0 jour sur les nouvelles tendances, des donn\u00e9es int\u00e9ressantes ainsi que toutes les actualit\u00e9s de Teledesk Group.<\/p>\n","protected":false},"author":1,"featured_media":0,"parent":0,"menu_order":0,"comment_status":"closed","ping_status":"closed","template":"page-magazine.php","meta":{"_acf_changed":false,"inline_featured_image":false,"footnotes":""},"class_list":["post-1769","page","type-page","status-publish","hentry"],"acf":[],"yoast_head":"<!-- This site is optimized with the Yoast SEO plugin v27.4 - https:\/\/yoast.com\/product\/yoast-seo-wordpress\/ -->\n<title>Magazine - Teledesk<\/title>\n<meta name=\"robots\" content=\"index, follow, max-snippet:-1, max-image-preview:large, max-video-preview:-1\" \/>\n<link rel=\"canonical\" href=\"https:\/\/teledeskgroup.be\/fr\/magazine\/\" \/>\n<meta property=\"og:locale\" content=\"fr_FR\" \/>\n<meta property=\"og:type\" content=\"article\" \/>\n<meta property=\"og:title\" content=\"Magazine - Teledesk\" \/>\n<meta property=\"og:description\" content=\"Teledesk Magazine Telescope Deux fois par an, nous publions notre magazine d&rsquo;entreprise Telescope. Vous y trouverez des interviews captivantes avec des pr\u00e9curseurs de l&rsquo;industrie de l&rsquo;assurance, des mises \u00e0 jour sur les nouvelles tendances, des donn\u00e9es int\u00e9ressantes ainsi que toutes les actualit\u00e9s de Teledesk Group.\" \/>\n<meta property=\"og:url\" content=\"https:\/\/teledeskgroup.be\/fr\/magazine\/\" \/>\n<meta property=\"og:site_name\" content=\"Teledesk\" \/>\n<meta property=\"article:modified_time\" content=\"2023-06-28T10:36:22+00:00\" \/>\n<meta name=\"twitter:card\" content=\"summary_large_image\" \/>\n<meta name=\"twitter:label1\" content=\"Dur\u00e9e de lecture estim\u00e9e\" \/>\n\t<meta name=\"twitter:data1\" content=\"1 minute\" \/>\n<script type=\"application\/ld+json\" class=\"yoast-schema-graph\">{\"@context\":\"https:\\\/\\\/schema.org\",\"@graph\":[{\"@type\":\"WebPage\",\"@id\":\"https:\\\/\\\/teledeskgroup.be\\\/fr\\\/magazine\\\/\",\"url\":\"https:\\\/\\\/teledeskgroup.be\\\/fr\\\/magazine\\\/\",\"name\":\"Magazine - Teledesk\",\"isPartOf\":{\"@id\":\"https:\\\/\\\/teledeskgroup.be\\\/#website\"},\"datePublished\":\"2023-06-28T09:38:57+00:00\",\"dateModified\":\"2023-06-28T10:36:22+00:00\",\"breadcrumb\":{\"@id\":\"https:\\\/\\\/teledeskgroup.be\\\/fr\\\/magazine\\\/#breadcrumb\"},\"inLanguage\":\"fr-FR\",\"potentialAction\":[{\"@type\":\"ReadAction\",\"target\":[\"https:\\\/\\\/teledeskgroup.be\\\/fr\\\/magazine\\\/\"]}]},{\"@type\":\"BreadcrumbList\",\"@id\":\"https:\\\/\\\/teledeskgroup.be\\\/fr\\\/magazine\\\/#breadcrumb\",\"itemListElement\":[{\"@type\":\"ListItem\",\"position\":1,\"name\":\"Home\",\"item\":\"https:\\\/\\\/teledeskgroup.be\\\/fr\\\/\"},{\"@type\":\"ListItem\",\"position\":2,\"name\":\"Magazine\"}]},{\"@type\":\"WebSite\",\"@id\":\"https:\\\/\\\/teledeskgroup.be\\\/#website\",\"url\":\"https:\\\/\\\/teledeskgroup.be\\\/\",\"name\":\"Teledesk\",\"description\":\"En nog een WordPress website\",\"potentialAction\":[{\"@type\":\"SearchAction\",\"target\":{\"@type\":\"EntryPoint\",\"urlTemplate\":\"https:\\\/\\\/teledeskgroup.be\\\/?s={search_term_string}\"},\"query-input\":{\"@type\":\"PropertyValueSpecification\",\"valueRequired\":true,\"valueName\":\"search_term_string\"}}],\"inLanguage\":\"fr-FR\"}]}<\/script>\n<!-- \/ Yoast SEO plugin. -->","yoast_head_json":{"title":"Magazine - Teledesk","robots":{"index":"index","follow":"follow","max-snippet":"max-snippet:-1","max-image-preview":"max-image-preview:large","max-video-preview":"max-video-preview:-1"},"canonical":"https:\/\/teledeskgroup.be\/fr\/magazine\/","og_locale":"fr_FR","og_type":"article","og_title":"Magazine - Teledesk","og_description":"Teledesk Magazine Telescope Deux fois par an, nous publions notre magazine d&rsquo;entreprise Telescope. Vous y trouverez des interviews captivantes avec des pr\u00e9curseurs de l&rsquo;industrie de l&rsquo;assurance, des mises \u00e0 jour sur les nouvelles tendances, des donn\u00e9es int\u00e9ressantes ainsi que toutes les actualit\u00e9s de Teledesk Group.","og_url":"https:\/\/teledeskgroup.be\/fr\/magazine\/","og_site_name":"Teledesk","article_modified_time":"2023-06-28T10:36:22+00:00","twitter_card":"summary_large_image","twitter_misc":{"Dur\u00e9e de lecture estim\u00e9e":"1 minute"},"schema":{"@context":"https:\/\/schema.org","@graph":[{"@type":"WebPage","@id":"https:\/\/teledeskgroup.be\/fr\/magazine\/","url":"https:\/\/teledeskgroup.be\/fr\/magazine\/","name":"Magazine - Teledesk","isPartOf":{"@id":"https:\/\/teledeskgroup.be\/#website"},"datePublished":"2023-06-28T09:38:57+00:00","dateModified":"2023-06-28T10:36:22+00:00","breadcrumb":{"@id":"https:\/\/teledeskgroup.be\/fr\/magazine\/#breadcrumb"},"inLanguage":"fr-FR","potentialAction":[{"@type":"ReadAction","target":["https:\/\/teledeskgroup.be\/fr\/magazine\/"]}]},{"@type":"BreadcrumbList","@id":"https:\/\/teledeskgroup.be\/fr\/magazine\/#breadcrumb","itemListElement":[{"@type":"ListItem","position":1,"name":"Home","item":"https:\/\/teledeskgroup.be\/fr\/"},{"@type":"ListItem","position":2,"name":"Magazine"}]},{"@type":"WebSite","@id":"https:\/\/teledeskgroup.be\/#website","url":"https:\/\/teledeskgroup.be\/","name":"Teledesk","description":"En nog een WordPress website","potentialAction":[{"@type":"SearchAction","target":{"@type":"EntryPoint","urlTemplate":"https:\/\/teledeskgroup.be\/?s={search_term_string}"},"query-input":{"@type":"PropertyValueSpecification","valueRequired":true,"valueName":"search_term_string"}}],"inLanguage":"fr-FR"}]}},"_links":{"self":[{"href":"https:\/\/teledeskgroup.be\/fr\/wp-json\/wp\/v2\/pages\/1769","targetHints":{"allow":["GET"]}}],"collection":[{"href":"https:\/\/teledeskgroup.be\/fr\/wp-json\/wp\/v2\/pages"}],"about":[{"href":"https:\/\/teledeskgroup.be\/fr\/wp-json\/wp\/v2\/types\/page"}],"author":[{"embeddable":true,"href":"https:\/\/teledeskgroup.be\/fr\/wp-json\/wp\/v2\/users\/1"}],"replies":[{"embeddable":true,"href":"https:\/\/teledeskgroup.be\/fr\/wp-json\/wp\/v2\/comments?post=1769"}],"version-history":[{"count":3,"href":"https:\/\/teledeskgroup.be\/fr\/wp-json\/wp\/v2\/pages\/1769\/revisions"}],"predecessor-version":[{"id":1779,"href":"https:\/\/teledeskgroup.be\/fr\/wp-json\/wp\/v2\/pages\/1769\/revisions\/1779"}],"wp:attachment":[{"href":"https:\/\/teledeskgroup.be\/fr\/wp-json\/wp\/v2\/media?parent=1769"}],"curies":[{"name":"wp","href":"https:\/\/api.w.org\/{rel}","templated":true}]}}